{"id":207,"date":"2023-06-20T11:56:03","date_gmt":"2023-06-20T11:56:03","guid":{"rendered":"https:\/\/www.katerinaldokova.com\/?page_id=207"},"modified":"2023-06-29T10:39:50","modified_gmt":"2023-06-29T10:39:50","slug":"listen-ledok","status":"publish","type":"page","link":"https:\/\/www.katerinaldokova.com\/en\/listen-ledok\/","title":{"rendered":"Ledok"},"content":{"rendered":"<p>[et_pb_section fb_built=&#8221;1&#8243; _builder_version=&#8221;4.21.0&#8243; _module_preset=&#8221;default&#8221; custom_padding=&#8221;0px|4%|0px|4%|false|true&#8221; global_colors_info=&#8221;{}&#8221;][et_pb_row column_structure=&#8221;1_2,1_2&#8243; use_custom_gutter=&#8221;on&#8221; gutter_width=&#8221;2&#8243; make_equal=&#8221;on&#8221; custom_padding_last_edited=&#8221;on|tablet&#8221; _builder_version=&#8221;4.21.0&#8243; _module_preset=&#8221;default&#8221; width=&#8221;100%&#8221; max_width=&#8221;100%&#8221; module_alignment=&#8221;center&#8221; custom_margin=&#8221;||||false|false&#8221; custom_padding=&#8221;5%||0px||false|false&#8221; custom_padding_tablet=&#8221;4%||||false|false&#8221; custom_padding_phone=&#8221;4%||||false|false&#8221; border_width_top=&#8221;1px&#8221; global_colors_info=&#8221;{}&#8221;][et_pb_column type=&#8221;1_2&#8243; _builder_version=&#8221;4.21.0&#8243; _module_preset=&#8221;default&#8221; background_enable_color=&#8221;off&#8221; custom_padding=&#8221;|16%|5%||false|false&#8221; custom_padding_tablet=&#8221;5%|0%|||false|false&#8221; custom_padding_phone=&#8221;5%|0%|||false|false&#8221; custom_padding_last_edited=&#8221;on|tablet&#8221; global_colors_info=&#8221;{}&#8221;][et_pb_text _builder_version=&#8221;4.21.0&#8243; _module_preset=&#8221;b5f1eb9f-7a07-4c69-a982-0ae1e08f6212&#8243; text_font=&#8221;Urbanist|300|||||||&#8221; text_font_size=&#8221;18px&#8221; custom_padding=&#8221;||15%||false|true&#8221; custom_padding_tablet=&#8221;||5%||false|true&#8221; custom_padding_phone=&#8221;||5%||false|true&#8221; custom_padding_last_edited=&#8221;on|tablet&#8221; locked=&#8221;off&#8221; global_colors_info=&#8221;{}&#8221;]<\/p>\n<p>It was with LEDOK that my first experiences in composition began. All the pieces I wrote for this project are dances, invented while I was dancing. As my feet traced choreographies of traditional European dances, melodies were born from movement and the desire to experiment with new music that would fit the steps, which already had a respectable age.<\/p>\n<p>The result of this process was the album \"Ledok\", which had a sound that blended classical music, jazz, and melodies reminiscent of traditional music.<br \/>I hope you have fun dancing to the sound of these compositions.<\/p>\n<p>[\/et_pb_text][et_pb_text _builder_version=&#8221;4.21.0&#8243; _module_preset=&#8221;b5f1eb9f-7a07-4c69-a982-0ae1e08f6212&#8243; text_font=&#8221;Urbanist|300||on|||||&#8221; text_font_size=&#8221;12px&#8221; custom_padding=&#8221;||15%||false|true&#8221; custom_padding_tablet=&#8221;||6%||false|true&#8221; custom_padding_phone=&#8221;||6%||false|true&#8221; custom_padding_last_edited=&#8221;on|tablet&#8221; locked=&#8221;off&#8221; global_colors_info=&#8221;{}&#8221;]<\/p>\n<p>KATERINA L\u2019DOKOVA \/\/ COMPOSITION, PIANO, AND VOCALS<br \/>JO\u00c3O FRAGOSO \/\/ DOUBLE BASS<br \/>BALTAZAR MOLINA \/\/ PERCUSSION<br \/>PAULO BERNARDINO \/\/ CLARINET<\/p>\n<p>[\/et_pb_text][et_pb_wc_add_to_cart product=&#8221;266&#8243; show_stock=&#8221;off&#8221; _builder_version=&#8221;4.21.0&#8243; _module_preset=&#8221;default&#8221; fields_custom_margin=&#8221;5px||0px||false|false&#8221; fields_custom_padding=&#8221;||||false|false&#8221; field_label_font=&#8221;Urbanist|||on|||||&#8221; custom_button=&#8221;on&#8221; button_text_size=&#8221;14px&#8221; button_text_color=&#8221;#000000&#8243; button_border_width=&#8221;1px&#8221; button_border_radius=&#8221;0px&#8221; button_letter_spacing=&#8221;2px&#8221; button_font=&#8221;|||on|||||&#8221; button_icon=&#8221;&#x24;||divi||400&#8243; button_on_hover=&#8221;off&#8221; button_custom_padding=&#8221;15px|35px|15px|25px|true|false&#8221; custom_padding=&#8221;||||false|false&#8221; border_radii_fields=&#8221;on|0px|0px|0px|0px&#8221; border_width_all_fields=&#8221;1px&#8221; border_color_all_fields=&#8221;#000000&#8243; global_colors_info=&#8221;{}&#8221;][\/et_pb_wc_add_to_cart][\/et_pb_column][et_pb_column type=&#8221;1_2&#8243; _builder_version=&#8221;4.21.0&#8243; _module_preset=&#8221;default&#8221; global_colors_info=&#8221;{}&#8221;][et_pb_image src=&#8221;https:\/\/www.katerinaldokova.com\/wp-content\/uploads\/2023\/06\/Ledok.jpg&#8221; title_text=&#8221;Ledok&#8221; align=&#8221;center&#8221; force_fullwidth=&#8221;on&#8221; _builder_version=&#8221;4.21.0&#8243; _module_preset=&#8221;default&#8221; box_shadow_style=&#8221;preset1&#8243; global_colors_info=&#8221;{}&#8221;][\/et_pb_image][et_pb_social_media_follow icon_color=&#8221;#000000&#8243; use_icon_font_size=&#8221;on&#8221; _builder_version=&#8221;4.21.0&#8243; _module_preset=&#8221;default&#8221; vertical_offset=&#8221;-95px&#8221; horizontal_offset=&#8221;40px&#8221; text_orientation=&#8221;left&#8221; custom_margin=&#8221;||||false|false&#8221; custom_padding=&#8221;||||false|false&#8221; custom_padding_tablet=&#8221;||||false|false&#8221; custom_padding_phone=&#8221;||||false|false&#8221; custom_padding_last_edited=&#8221;on|tablet&#8221; hover_enabled=&#8221;0&#8243; border_radii=&#8221;on||||&#8221; locked=&#8221;off&#8221; global_colors_info=&#8221;{}&#8221; sticky_enabled=&#8221;0&#8243;][et_pb_social_media_follow_network social_network=&#8221;spotify&#8221; url=&#8221;https:\/\/open.spotify.com\/album\/5TGJl1aSJnz8TW1no7j70D&#8221; use_icon_font_size=&#8221;on&#8221; _builder_version=&#8221;4.21.0&#8243; _module_preset=&#8221;default&#8221; background_enable_color=&#8221;off&#8221; custom_button=&#8221;on&#8221; custom_padding=&#8221;||||true|true&#8221; border_radii=&#8221;on|100px|100px|100px|100px&#8221; border_width_all=&#8221;1px&#8221; border_color_all=&#8221;#000000&#8243; global_colors_info=&#8221;{}&#8221; follow_button=&#8221;off&#8221; url_new_window=&#8221;on&#8221;]spotify[\/et_pb_social_media_follow_network][et_pb_social_media_follow_network social_network=&#8221;bandcamp&#8221; url=&#8221;https:\/\/katerinaldokova.bandcamp.com\/album\/ledok&#8221; use_icon_font_size=&#8221;on&#8221; _builder_version=&#8221;4.21.0&#8243; _module_preset=&#8221;default&#8221; background_enable_color=&#8221;off&#8221; custom_button=&#8221;on&#8221; custom_padding=&#8221;||||true|true&#8221; border_radii=&#8221;on|100px|100px|100px|100px&#8221; border_width_all=&#8221;1px&#8221; border_color_all=&#8221;#000000&#8243; global_colors_info=&#8221;{}&#8221; follow_button=&#8221;off&#8221; url_new_window=&#8221;on&#8221;]bandcamp[\/et_pb_social_media_follow_network][\/et_pb_social_media_follow][\/et_pb_column][\/et_pb_row][\/et_pb_section]<\/p>","protected":false},"excerpt":{"rendered":"<p>Foi com o LEDOK que come\u00e7aram as minhas primeiras experi\u00eancias em composi\u00e7\u00e3o. Todas as pe\u00e7as que escrevi para este projeto s\u00e3o dan\u00e7as, inventei-as enquanto bailava. Enquanto os p\u00e9s desenhavam coreografias de dan\u00e7as tradicionais europeias, nasciam melodias do movimento e da vontade de experimentar uma m\u00fasica nova que encaixasse nos passos que j\u00e1 tinham uma idade [&hellip;]<\/p>","protected":false},"author":1,"featured_media":0,"parent":0,"menu_order":0,"comment_status":"closed","ping_status":"open","template":"","meta":{"_et_pb_use_builder":"on","_et_pb_old_content":"<!-- wp:paragraph -->\n<p>This is an example page. It's different from a blog post because it will stay in one place and will show up in your site navigation (in most themes). Most people start with an About page that introduces them to potential site visitors. It might say something like this:<\/p>\n<!-- \/wp:paragraph -->\n\n<!-- wp:quote -->\n<blockquote class=\"wp-block-quote\"><!-- wp:paragraph -->\n<p>Hi there! I'm a bike messenger by day, aspiring actor by night, and this is my website. I live in Los Angeles, have a great dog named Jack, and I like pi\u00f1a coladas. (And gettin' caught in the rain.)<\/p>\n<!-- \/wp:paragraph --><\/blockquote>\n<!-- \/wp:quote -->\n\n<!-- wp:paragraph -->\n<p>...or something like this:<\/p>\n<!-- \/wp:paragraph -->\n\n<!-- wp:quote -->\n<blockquote class=\"wp-block-quote\"><!-- wp:paragraph -->\n<p>The XYZ Doohickey Company was founded in 1971, and has been providing quality doohickeys to the public ever since. Located in Gotham City, XYZ employs over 2,000 people and does all kinds of awesome things for the Gotham community.<\/p>\n<!-- \/wp:paragraph --><\/blockquote>\n<!-- \/wp:quote -->\n\n<!-- wp:paragraph -->\n<p>As a new WordPress user, you should go to <a href=\"https:\/\/www.katerinaldokova.com\/wp-admin\/\">your dashboard<\/a> to delete this page and create new pages for your content. Have fun!<\/p>\n<!-- \/wp:paragraph -->","_et_gb_content_width":"","footnotes":""},"class_list":["post-207","page","type-page","status-publish","hentry"],"_links":{"self":[{"href":"https:\/\/www.katerinaldokova.com\/en\/wp-json\/wp\/v2\/pages\/207","targetHints":{"allow":["GET"]}}],"collection":[{"href":"https:\/\/www.katerinaldokova.com\/en\/wp-json\/wp\/v2\/pages"}],"about":[{"href":"https:\/\/www.katerinaldokova.com\/en\/wp-json\/wp\/v2\/types\/page"}],"author":[{"embeddable":true,"href":"https:\/\/www.katerinaldokova.com\/en\/wp-json\/wp\/v2\/users\/1"}],"replies":[{"embeddable":true,"href":"https:\/\/www.katerinaldokova.com\/en\/wp-json\/wp\/v2\/comments?post=207"}],"version-history":[{"count":6,"href":"https:\/\/www.katerinaldokova.com\/en\/wp-json\/wp\/v2\/pages\/207\/revisions"}],"predecessor-version":[{"id":330,"href":"https:\/\/www.katerinaldokova.com\/en\/wp-json\/wp\/v2\/pages\/207\/revisions\/330"}],"wp:attachment":[{"href":"https:\/\/www.katerinaldokova.com\/en\/wp-json\/wp\/v2\/media?parent=207"}],"curies":[{"name":"wp","href":"https:\/\/api.w.org\/{rel}","templated":true}]}}